{"id":668,"date":"2025-07-10T19:47:55","date_gmt":"2025-07-10T19:47:55","guid":{"rendered":"https:\/\/amaiatraducciones.com\/?page_id=668"},"modified":"2026-01-20T11:50:02","modified_gmt":"2026-01-20T11:50:02","slug":"traductor-de-subtitulos","status":"publish","type":"page","link":"https:\/\/amaiatraducciones.com\/fr\/traductor-de-subtitulos\/","title":{"rendered":"Traductor de subt\u00edtulos\/fr"},"content":{"rendered":"\n<figure class=\"wp-block-image size-large\"><img loading=\"lazy\" decoding=\"async\" width=\"1024\" height=\"573\" src=\"http:\/\/amaiatraducciones.com\/wp-content\/uploads\/2025\/07\/traductora-ingles-frances-espanol-en-bilbao-1024x573.jpg\" alt=\"\" class=\"wp-image-91\" title=\"\" srcset=\"https:\/\/amaiatraducciones.com\/wp-content\/uploads\/2025\/07\/traductora-ingles-frances-espanol-en-bilbao-1024x573.jpg 1024w, https:\/\/amaiatraducciones.com\/wp-content\/uploads\/2025\/07\/traductora-ingles-frances-espanol-en-bilbao-300x168.jpg 300w, https:\/\/amaiatraducciones.com\/wp-content\/uploads\/2025\/07\/traductora-ingles-frances-espanol-en-bilbao-768x430.jpg 768w, https:\/\/amaiatraducciones.com\/wp-content\/uploads\/2025\/07\/traductora-ingles-frances-espanol-en-bilbao-1536x860.jpg 1536w, https:\/\/amaiatraducciones.com\/wp-content\/uploads\/2025\/07\/traductora-ingles-frances-espanol-en-bilbao.jpg 1706w\" sizes=\"auto, (max-width: 1024px) 100vw, 1024px\" \/><\/figure>\n\n\n\n<h2 class=\"wp-block-heading\"><strong><strong>Traducteur de sous-titres<\/strong><\/strong><\/h2>\n\n\n\n<h3 class=\"wp-block-heading\"><strong><strong>Traducteur de sous-titres. Pr\u00e9cision et rythme<\/strong><\/strong><\/h3>\n\n\n\n<p>Le sous-titrage implique des aspects qui n\u2019interviennent pas dans une traduction classique. Il faut condenser le message, respecter le rep\u00e9rage et choisir chaque mot avec soin pour que le spectateur ne manque rien du contenu ni des \u00e9motions originales. Un bon sous-titre garantit que la lecture n\u2019interrompt pas l\u2019exp\u00e9rience du spectateur, en permettant au contenu audiovisuel de naturellement transcender les barri\u00e8res linguistiques.<\/p>\n\n\n\n<p>La <strong>traduction de sous-titres<\/strong> pr\u00e9sente des d\u00e9fis uniques&nbsp;: traduire fid\u00e8lement des dialogues de l\u2019anglais ou du fran\u00e7ais vers l\u2019espagnol, tout en conservant la fluidit\u00e9 et le ton dans un espace limit\u00e9. Les outils sp\u00e9cialis\u00e9s me permettent de condenser des id\u00e9es complexes et de m\u2019adapter au rythme de chaque sc\u00e8ne pour que les <strong>sous-titres traduits<\/strong> conservent la m\u00eame intention communicative que l\u2019original.<\/p>\n\n\n\n<p>La cr\u00e9ation de sous-titres depuis z\u00e9ro exige une pr\u00e9cision technique et linguistique. Je transcris fid\u00e8lement l\u2019audio, je segmente le texte en blocs lisibles et je synchronise chaque ligne avec l\u2019image, en pr\u00eatant attention aux temps de lecture et aux pauses naturelles. Je fournis des fichiers dans les formats les plus courants tels que SRT et SUB, id\u00e9aux pour des vid\u00e9os d\u2019entreprise, films ou tout autre contenu destin\u00e9 au public international.<\/p>\n\n\n\n<div style=\"height:100px\" aria-hidden=\"true\" class=\"wp-block-spacer\"><\/div>\n\n\n\n<div class=\"wp-block-buttons is-content-justification-right is-layout-flex wp-container-core-buttons-is-layout-765c4724 wp-block-buttons-is-layout-flex\">\n<div class=\"wp-block-button\"><a class=\"wp-block-button__link wp-element-button\" href=\"https:\/\/amaiatraducciones.com\/fr\/traductor-de-subtitulos\/#contacto\" rel=\"nofollow\">Parlons-en !<\/a><\/div>\n<\/div>\n\n\n\n<div style=\"height:100px\" aria-hidden=\"true\" class=\"wp-block-spacer\"><\/div>\n\n\n\n\n\n<div id=\"block-servicios-boxes-block_97ecbb3811878feae33df0a69d81b7e9\" class=\"block-servicios-boxes\">\n    <div class=\"block-servicios-boxes__content\">\n                    <div class=\"block-servicios-boxes__content__box\">\n                <h3 class=\"block-servicios-boxes__content__box__title\">\n                    Pr\u00e9cision                <\/h3>\n                <p>Les sous-titres requi\u00e8rent une traduction fid\u00e8le et claire qui prend en compte les nuances pour transmettre le message original.<\/p>\n            <\/div>\n                    <div class=\"block-servicios-boxes__content__box\">\n                <h3 class=\"block-servicios-boxes__content__box__title\">\n                    Contexte                <\/h3>\n                <p>Je v\u00e9rifie chaque r\u00e9f\u00e9rence culturelle et dialogue afin qu\u2019ils sonnent naturels et adapt\u00e9s au public espagnol.<\/p>\n            <\/div>\n                    <div class=\"block-servicios-boxes__content__box\">\n                <h3 class=\"block-servicios-boxes__content__box__title\">\n                    R\u00e8gles                <\/h3>\n                <p>Je respecte les normes de format et de temps par ligne afin que les sous-titres soient accessibles et faciles \u00e0 lire.<\/p>\n            <\/div>\n                    <div class=\"block-servicios-boxes__content__box\">\n                <h3 class=\"block-servicios-boxes__content__box__title\">\n                    Rythme                <\/h3>\n                <p>J\u2019adapte les dialogues et les expressions idiomatiques pour que les sous-titres s\u2019int\u00e8grent naturellement, tout en respectant le rythme et l\u2019esprit de l\u2019\u0153uvre audiovisuelle.<\/p>\n            <\/div>\n            <\/div>\n<\/div>\n\n\n<div style=\"height:100px\" aria-hidden=\"true\" class=\"wp-block-spacer\"><\/div>\n\n\n\n\n\n<div id=\"block-servicios-cifras-block_cd3d22d9eadb588d7d7d5fae7cdb0a02\" class=\"block-servicios-cifras\">\n    <div class=\"block-servicios-cifras__content\">\n                    <div class=\"block-servicios-cifras__content__box\">\n                <div class=\"block-servicios-cifras__content__box__number\">\n                    <p>\n                        20                        <span class=\"block-servicios-cifras__content__box__number__signo\">+<\/span>\n                    <\/p>\n                <\/div>\n                <div class=\"block-servicios-cifras__content__box__text\">\n                    <p>ans d\u2019exp\u00e9rience<\/p>\n                <\/div>\n            <\/div>\n                    <div class=\"block-servicios-cifras__content__box\">\n                <div class=\"block-servicios-cifras__content__box__number\">\n                    <p>\n                        100                        <span class=\"block-servicios-cifras__content__box__number__signo\">%<\/span>\n                    <\/p>\n                <\/div>\n                <div class=\"block-servicios-cifras__content__box__text\">\n                    <p>des d\u00e9lais respect\u00e9s<\/p>\n                <\/div>\n            <\/div>\n                    <div class=\"block-servicios-cifras__content__box\">\n                <div class=\"block-servicios-cifras__content__box__number\">\n                    <p>\n                        80                        <span class=\"block-servicios-cifras__content__box__number__signo\">+<\/span>\n                    <\/p>\n                <\/div>\n                <div class=\"block-servicios-cifras__content__box__text\">\n                    <p>clients nationaux et internationaux<\/p>\n                <\/div>\n            <\/div>\n            <\/div>\n<\/div>\n\n\n<h3 class=\"wp-block-heading\"><strong><strong>Sous-titrage professionnel. Sous-titres pr\u00e9cis.<\/strong><\/strong><\/h3>\n\n\n\n<p>Dans un monde toujours plus mondialis\u00e9, <strong>traduire des sous-titres<\/strong> n\u2019est pas seulement un service, mais aussi un besoin pour arriver au public divers. J\u2019utilise un \u00e9diteur de sous-titres avanc\u00e9 pour cr\u00e9er des fichiers qui s\u2019int\u00e8grent parfaitement dans tout type de production audiovisuelle, des vid\u00e9os d\u2019entreprise jusqu\u2019\u00e0 des films.<\/p>\n\n\n\n<p>J\u2019apporte une attention rigoureuse \u00e0 chaque sous-titre pour qu\u2019il s\u2019int\u00e8gre au rythme et au contexte audiovisuel afin d\u2019offrir une exp\u00e9rience fluide et captivante au spectateur. L\u2019excellence technique et linguistique est essentielle pour que le message transcende les barri\u00e8res en maintenant son essence et son authenticit\u00e9.<\/p>\n\n\n\n<p>Dans chaque projet, j\u2019offre un service agile et personnalis\u00e9 qui peut inclure la traduction, la cr\u00e9ation de sous-titres ou les deux, adapt\u00e9s aux formats les plus courants et demand\u00e9s. Quel que soit votre besoin, j\u2019adapte votre contenu audiovisuel dans un outil accessible et efficace pour votre public cible.<\/p>\n\n\n\n<div class=\"wp-block-buttons is-content-justification-right is-layout-flex wp-container-core-buttons-is-layout-765c4724 wp-block-buttons-is-layout-flex\">\n<div class=\"wp-block-button\"><a class=\"wp-block-button__link wp-element-button\" href=\"https:\/\/amaiatraducciones.com\/fr\/traductor-de-subtitulos\/#contacto\" rel=\"nofollow\">Parlons-en !<\/a><\/div>\n<\/div>\n\n\n\n<p><\/p>\n","protected":false},"excerpt":{"rendered":"<p>Traducteur de sous-titres Traducteur de sous-titres. Pr\u00e9cision et rythme Le sous-titrage implique des aspects qui n\u2019interviennent pas dans une traduction classique. Il faut condenser le message, respecter le rep\u00e9rage et choisir chaque mot avec soin pour que le spectateur ne manque rien du contenu ni des \u00e9motions originales. Un bon sous-titre garantit que la lecture [&hellip;]<\/p>\n","protected":false},"author":2,"featured_media":815,"parent":0,"menu_order":0,"comment_status":"closed","ping_status":"closed","template":"page-templates\/page-service.php","meta":{"_acf_changed":false,"footnotes":""},"class_list":["post-668","page","type-page","status-publish","has-post-thumbnail","hentry"],"acf":[],"_links":{"self":[{"href":"https:\/\/amaiatraducciones.com\/fr\/wp-json\/wp\/v2\/pages\/668","targetHints":{"allow":["GET"]}}],"collection":[{"href":"https:\/\/amaiatraducciones.com\/fr\/wp-json\/wp\/v2\/pages"}],"about":[{"href":"https:\/\/amaiatraducciones.com\/fr\/wp-json\/wp\/v2\/types\/page"}],"author":[{"embeddable":true,"href":"https:\/\/amaiatraducciones.com\/fr\/wp-json\/wp\/v2\/users\/2"}],"replies":[{"embeddable":true,"href":"https:\/\/amaiatraducciones.com\/fr\/wp-json\/wp\/v2\/comments?post=668"}],"version-history":[{"count":4,"href":"https:\/\/amaiatraducciones.com\/fr\/wp-json\/wp\/v2\/pages\/668\/revisions"}],"predecessor-version":[{"id":974,"href":"https:\/\/amaiatraducciones.com\/fr\/wp-json\/wp\/v2\/pages\/668\/revisions\/974"}],"wp:featuredmedia":[{"embeddable":true,"href":"https:\/\/amaiatraducciones.com\/fr\/wp-json\/wp\/v2\/media\/815"}],"wp:attachment":[{"href":"https:\/\/amaiatraducciones.com\/fr\/wp-json\/wp\/v2\/media?parent=668"}],"curies":[{"name":"wp","href":"https:\/\/api.w.org\/{rel}","templated":true}]}}