{"id":655,"date":"2025-07-10T19:47:32","date_gmt":"2025-07-10T19:47:32","guid":{"rendered":"https:\/\/amaiatraducciones.com\/?page_id=655"},"modified":"2026-01-20T11:31:32","modified_gmt":"2026-01-20T11:31:32","slug":"traduccion-turistica","status":"publish","type":"page","link":"https:\/\/amaiatraducciones.com\/fr\/traduccion-turistica\/","title":{"rendered":"Traducci\u00f3n tur\u00edstica\/fr"},"content":{"rendered":"\n<figure class=\"wp-block-image size-large\"><img loading=\"lazy\" decoding=\"async\" width=\"1024\" height=\"573\" src=\"http:\/\/amaiatraducciones.com\/wp-content\/uploads\/2025\/07\/traductora-ingles-frances-espanol-en-bilbao-1024x573.jpg\" alt=\"\" class=\"wp-image-91\" title=\"\" srcset=\"https:\/\/amaiatraducciones.com\/wp-content\/uploads\/2025\/07\/traductora-ingles-frances-espanol-en-bilbao-1024x573.jpg 1024w, https:\/\/amaiatraducciones.com\/wp-content\/uploads\/2025\/07\/traductora-ingles-frances-espanol-en-bilbao-300x168.jpg 300w, https:\/\/amaiatraducciones.com\/wp-content\/uploads\/2025\/07\/traductora-ingles-frances-espanol-en-bilbao-768x430.jpg 768w, https:\/\/amaiatraducciones.com\/wp-content\/uploads\/2025\/07\/traductora-ingles-frances-espanol-en-bilbao-1536x860.jpg 1536w, https:\/\/amaiatraducciones.com\/wp-content\/uploads\/2025\/07\/traductora-ingles-frances-espanol-en-bilbao.jpg 1706w\" sizes=\"auto, (max-width: 1024px) 100vw, 1024px\" \/><\/figure>\n\n\n\n<h2 class=\"wp-block-heading\"><strong><strong>Traduction touristique&nbsp;: mots qui voyagent<\/strong><\/strong><\/h2>\n\n\n\n<h3 class=\"wp-block-heading\"><strong><strong>Traduction touristique&nbsp;: l\u2019\u00e9motion \u00e0 chaque phrase<\/strong><\/strong><\/h3>\n\n\n\n<p>La <strong>traduction touristique<\/strong> requiert des connaissances sp\u00e9cialis\u00e9es. C\u2019est essentiel de comprendre le vocabulaire, le style et le ton qui transmettent l\u2019\u00e9motion de voyager. Conna\u00eetre les particularit\u00e9s culturelles est indispensable pour garantir un message clair et efficace.<\/p>\n\n\n\n<p>Dans un secteur aussi comp\u00e9titif qui dynamise l\u2019\u00e9conomie de plusieurs pays, une bonne traduction est la cl\u00e9 pour d\u00e9passer la barri\u00e8re des langues et se d\u00e9marquer face \u00e0 la concurrence. La majorit\u00e9 des r\u00e9servations sont faites par les sites web, les r\u00e9seaux sociaux et les applications touristiques. Les brochures touristiques, les guides du voyage et les cartes interactives ont toujours une importance certaine. Offrir ces contenus en plusieurs langues est fondamental pour attirer des clients.<\/p>\n\n\n\n<p>Engager une <strong>traductrice professionnelle<\/strong>, experte du secteur, est un investissement qui en vaut la peine. Assurer la qualit\u00e9 et la pr\u00e9cision des textes en espagnol est indispensable pour inspirer la confiance de vos clients envers vos services et contenus.<\/p>\n\n\n\n<div style=\"height:100px\" aria-hidden=\"true\" class=\"wp-block-spacer\"><\/div>\n\n\n\n<div class=\"wp-block-buttons is-content-justification-right is-layout-flex wp-container-core-buttons-is-layout-765c4724 wp-block-buttons-is-layout-flex\">\n<div class=\"wp-block-button\"><a class=\"wp-block-button__link wp-element-button\" href=\"https:\/\/amaiatraducciones.com\/fr\/traduccion-turistica\/#contacto\" rel=\"nofollow\">Parlons-en !<\/a><\/div>\n<\/div>\n\n\n\n<div style=\"height:100px\" aria-hidden=\"true\" class=\"wp-block-spacer\"><\/div>\n\n\n\n\n\n<div id=\"block-servicios-boxes-block_834f7c87e96cede011a1e77fa7544c48\" class=\"block-servicios-boxes\">\n    <div class=\"block-servicios-boxes__content\">\n                    <div class=\"block-servicios-boxes__content__box\">\n                <h3 class=\"block-servicios-boxes__content__box__title\">\n                    Exp\u00e9rience                <\/h3>\n                <p>Je traduis depuis 20 ans pour les multinationales les plus importantes du secteur touristique comme Booking.com, Kayak, eDreams et Trip.com, entre autres agences de voyages.<\/p>\n            <\/div>\n                    <div class=\"block-servicios-boxes__content__box\">\n                <h3 class=\"block-servicios-boxes__content__box__title\">\n                    Voyages                <\/h3>\n                <p>Je suis une voyageuse passionn\u00e9e. J\u2019ai visit\u00e9 plus de 30 pays de mani\u00e8re ind\u00e9pendante et je pense toujours \u00e0 la prochaine destination.<\/p>\n            <\/div>\n                    <div class=\"block-servicios-boxes__content__box\">\n                <h3 class=\"block-servicios-boxes__content__box__title\">\n                    Informations                <\/h3>\n                <p>Je suis au courant des derni\u00e8res tendances concernant les destinations et les fa\u00e7ons de voyager. C\u2019est essentiel dans un secteur qui ne cesse jamais de nous surprendre.<\/p>\n            <\/div>\n                    <div class=\"block-servicios-boxes__content__box\">\n                <h3 class=\"block-servicios-boxes__content__box__title\">\n                    Sp\u00e9cialisation                <\/h3>\n                <p><a href=\"https:\/\/es.wikipedia.org\/wiki\/CouchSurfing\" target=\"_blank\" rel=\"nofollow noopener\"><i><em class=\"PlaygroundEditorTheme__textItalic\">Couchsurfing<\/em><\/i><\/a>, <i><em class=\"PlaygroundEditorTheme__textItalic\">glamping<\/em><\/i>, lit <i><em class=\"PlaygroundEditorTheme__textItalic\">king size<\/em><\/i>, Appellation d\u2019Origine Contr\u00f4l\u00e9e\u2026 Le secteur du tourisme poss\u00e8de une terminologie sp\u00e9cifique, essentielle \u00e0 conna\u00eetre et qui \u00e9volue chaque jour.<\/p>\n            <\/div>\n            <\/div>\n<\/div>\n\n\n<div style=\"height:100px\" aria-hidden=\"true\" class=\"wp-block-spacer\"><\/div>\n\n\n\n\n\n<div id=\"block-servicios-cifras-block_88216ea1fdc3837ff7415573c4488294\" class=\"block-servicios-cifras\">\n    <div class=\"block-servicios-cifras__content\">\n                    <div class=\"block-servicios-cifras__content__box\">\n                <div class=\"block-servicios-cifras__content__box__number\">\n                    <p>\n                        20                        <span class=\"block-servicios-cifras__content__box__number__signo\">+<\/span>\n                    <\/p>\n                <\/div>\n                <div class=\"block-servicios-cifras__content__box__text\">\n                    <p>ans d\u2019exp\u00e9rience<\/p>\n                <\/div>\n            <\/div>\n                    <div class=\"block-servicios-cifras__content__box\">\n                <div class=\"block-servicios-cifras__content__box__number\">\n                    <p>\n                        100                        <span class=\"block-servicios-cifras__content__box__number__signo\">%<\/span>\n                    <\/p>\n                <\/div>\n                <div class=\"block-servicios-cifras__content__box__text\">\n                    <p>des d\u00e9lais respect\u00e9s<\/p>\n                <\/div>\n            <\/div>\n                    <div class=\"block-servicios-cifras__content__box\">\n                <div class=\"block-servicios-cifras__content__box__number\">\n                    <p>\n                        80                        <span class=\"block-servicios-cifras__content__box__number__signo\">+<\/span>\n                    <\/p>\n                <\/div>\n                <div class=\"block-servicios-cifras__content__box__text\">\n                    <p>clients nationaux et internationaux<\/p>\n                <\/div>\n            <\/div>\n            <\/div>\n<\/div>\n\n\n<h3 class=\"wp-block-heading\"><strong><strong>Traduction touristique. Le monde \u00e0 votre port\u00e9e<\/strong><\/strong><\/h3>\n\n\n\n<p>Comme traductrice sp\u00e9cialis\u00e9e dans le tourisme, je respecte profond\u00e9ment chaque texte et ses nuances. C\u2019est pourquoi, dans ma m\u00e9thodologie de travail, j\u2019utilise des outils de <strong>traduction professionnels<\/strong> et des glossaires sp\u00e9cialis\u00e9s afin d\u2019assurer des <strong>traductions pr\u00e9cises<\/strong>, adapt\u00e9es \u00e0 diff\u00e9rents domaines tels que la restauration, l\u2019h\u00f4tellerie et l\u2019h\u00e9bergement touristique, que ce soit sous forme d\u2019un menu de restaurant, d\u2019un guide, d\u2019une brochure, d\u2019un catalogue promotionnel ou d\u2019une application.<\/p>\n\n\n\n<p>La qualit\u00e9 finale est pour moi non n\u00e9gociable et, pour l\u2019atteindre, je soigne particuli\u00e8rement le style publicitaire pour \u00e9laborer des textes int\u00e9ressants qui transmettent l\u2019essence de chaque lieu, mus\u00e9e ou exp\u00e9rience touristique.<\/p>\n\n\n\n<p>Si vous avez besoin d\u2019une <strong>traduction professionnelle<\/strong> dans le domaine du tourisme pour votre projet, n\u2019h\u00e9sitez pas \u00e0 me contacter. Je vous garantis un travail s\u00e9rieux, pr\u00e9cis et une relation de proximit\u00e9. Ensemble, nous ferons en sorte que vos contenus atteignent le plus grand nombre possible de clients potentiels.<\/p>\n\n\n\n<div class=\"wp-block-buttons is-content-justification-right is-layout-flex wp-container-core-buttons-is-layout-765c4724 wp-block-buttons-is-layout-flex\">\n<div class=\"wp-block-button\"><a class=\"wp-block-button__link wp-element-button\" href=\"https:\/\/amaiatraducciones.com\/fr\/traduccion-turistica\/#contacto\" rel=\"nofollow\">Parlons-en !<\/a><\/div>\n<\/div>\n\n\n\n<p><\/p>\n","protected":false},"excerpt":{"rendered":"<p>Traduction touristique&nbsp;: mots qui voyagent Traduction touristique&nbsp;: l\u2019\u00e9motion \u00e0 chaque phrase La traduction touristique requiert des connaissances sp\u00e9cialis\u00e9es. C\u2019est essentiel de comprendre le vocabulaire, le style et le ton qui transmettent l\u2019\u00e9motion de voyager. Conna\u00eetre les particularit\u00e9s culturelles est indispensable pour garantir un message clair et efficace. Dans un secteur aussi comp\u00e9titif qui dynamise l\u2019\u00e9conomie [&hellip;]<\/p>\n","protected":false},"author":2,"featured_media":815,"parent":0,"menu_order":0,"comment_status":"closed","ping_status":"closed","template":"page-templates\/page-service.php","meta":{"_acf_changed":false,"footnotes":""},"class_list":["post-655","page","type-page","status-publish","has-post-thumbnail","hentry"],"acf":[],"_links":{"self":[{"href":"https:\/\/amaiatraducciones.com\/fr\/wp-json\/wp\/v2\/pages\/655","targetHints":{"allow":["GET"]}}],"collection":[{"href":"https:\/\/amaiatraducciones.com\/fr\/wp-json\/wp\/v2\/pages"}],"about":[{"href":"https:\/\/amaiatraducciones.com\/fr\/wp-json\/wp\/v2\/types\/page"}],"author":[{"embeddable":true,"href":"https:\/\/amaiatraducciones.com\/fr\/wp-json\/wp\/v2\/users\/2"}],"replies":[{"embeddable":true,"href":"https:\/\/amaiatraducciones.com\/fr\/wp-json\/wp\/v2\/comments?post=655"}],"version-history":[{"count":6,"href":"https:\/\/amaiatraducciones.com\/fr\/wp-json\/wp\/v2\/pages\/655\/revisions"}],"predecessor-version":[{"id":969,"href":"https:\/\/amaiatraducciones.com\/fr\/wp-json\/wp\/v2\/pages\/655\/revisions\/969"}],"wp:featuredmedia":[{"embeddable":true,"href":"https:\/\/amaiatraducciones.com\/fr\/wp-json\/wp\/v2\/media\/815"}],"wp:attachment":[{"href":"https:\/\/amaiatraducciones.com\/fr\/wp-json\/wp\/v2\/media?parent=655"}],"curies":[{"name":"wp","href":"https:\/\/api.w.org\/{rel}","templated":true}]}}