{"id":639,"date":"2025-07-10T19:47:19","date_gmt":"2025-07-10T19:47:19","guid":{"rendered":"https:\/\/amaiatraducciones.com\/?page_id=639"},"modified":"2026-01-17T20:24:53","modified_gmt":"2026-01-17T20:24:53","slug":"trabajos-de-traduccion-general","status":"publish","type":"page","link":"https:\/\/amaiatraducciones.com\/fr\/trabajos-de-traduccion-general\/","title":{"rendered":"Traducci\u00f3n general\/fr"},"content":{"rendered":"\n<figure class=\"wp-block-image size-large\"><img loading=\"lazy\" decoding=\"async\" width=\"1024\" height=\"573\" src=\"http:\/\/amaiatraducciones.com\/wp-content\/uploads\/2025\/07\/traductora-ingles-frances-espanol-en-bilbao-1024x573.jpg\" alt=\"\" class=\"wp-image-91\" title=\"\" srcset=\"https:\/\/amaiatraducciones.com\/wp-content\/uploads\/2025\/07\/traductora-ingles-frances-espanol-en-bilbao-1024x573.jpg 1024w, https:\/\/amaiatraducciones.com\/wp-content\/uploads\/2025\/07\/traductora-ingles-frances-espanol-en-bilbao-300x168.jpg 300w, https:\/\/amaiatraducciones.com\/wp-content\/uploads\/2025\/07\/traductora-ingles-frances-espanol-en-bilbao-768x430.jpg 768w, https:\/\/amaiatraducciones.com\/wp-content\/uploads\/2025\/07\/traductora-ingles-frances-espanol-en-bilbao-1536x860.jpg 1536w, https:\/\/amaiatraducciones.com\/wp-content\/uploads\/2025\/07\/traductora-ingles-frances-espanol-en-bilbao.jpg 1706w\" sizes=\"auto, (max-width: 1024px) 100vw, 1024px\" \/><\/figure>\n\n\n\n<div class=\"wp-block-group\"><div class=\"wp-block-group__inner-container is-layout-constrained wp-block-group-is-layout-constrained\">\n<h2 class=\"wp-block-heading\"><strong><strong>Projets de traduction g\u00e9n\u00e9rale<\/strong><\/strong><\/h2>\n\n\n\n<h3 class=\"wp-block-heading\"><strong><strong>Traduction de l\u2019anglais ou du fran\u00e7ais vers l\u2019espagnol&nbsp;? Parlons-en !<\/strong><\/strong><\/h3>\n\n\n\n<p>Vous avez un document en anglais ou en fran\u00e7ais et vous souhaitez le traduire vers l\u2019espagnol&nbsp;? Je traduis <strong><strong>du fran\u00e7ais vers l\u2019espagnol et de l\u2019anglais vers l\u2019espagnol<\/strong><\/strong> de mani\u00e8re pr\u00e9cise et naturelle, en m\u2019adaptant au contexte de chaque texte. Je veille \u00e0 ce que vos id\u00e9es arrivent \u00e0 leur destinataire avec clart\u00e9 et coh\u00e9rence, tout en respectant fid\u00e8lement le message original.<\/p>\n\n\n\n<p>Je travaille avec diff\u00e9rents types de textes&nbsp;: emails, CV, rapports, brochures, pr\u00e9sentations, lettres, etc.&nbsp; Je prends en charge tout document ne n\u00e9cessitant pas de traduction asserment\u00e9e. Vous avez besoin d\u2019une <strong><strong>traduction urgente<\/strong><\/strong>&nbsp;? Pas de probl\u00e8me&nbsp;! Je m\u2019adapte toujours en veillant aux d\u00e9tails et \u00e0 la qualit\u00e9 du texte final.<\/p>\n\n\n\n<p>Vous cherchez une approche conviviale, directe et professionnelle&nbsp;? \u00c9crivez-moi et ensemble nous verrons comment je peux vous aider. Gr\u00e2ce \u00e0 mes <strong><strong>services de traduction de l\u2019anglais vers l\u2019espagnol et du fran\u00e7ais vers l\u2019espagnol<\/strong><\/strong>, nous ferons en sorte que votre message atteigne un public plus large sans en alt\u00e9rer le sens.<\/p>\n\n\n\n<div style=\"height:100px\" aria-hidden=\"true\" class=\"wp-block-spacer\"><\/div>\n\n\n\n<div class=\"wp-block-buttons is-content-justification-right is-layout-flex wp-container-core-buttons-is-layout-765c4724 wp-block-buttons-is-layout-flex\">\n<div class=\"wp-block-button\"><a class=\"wp-block-button__link wp-element-button\" href=\"https:\/\/amaiatraducciones.com\/fr\/trabajos-de-traduccion-general\/#contacto\" rel=\"nofollow\">Parlons-en !<\/a><\/div>\n<\/div>\n<\/div><\/div>\n\n\n\n<div style=\"height:100px\" aria-hidden=\"true\" class=\"wp-block-spacer\"><\/div>\n\n\n\n\n\n<div id=\"block-servicios-boxes-block_f452a7fb99543e22db11d01b96ef6ce3\" class=\"block-servicios-boxes\">\n    <div class=\"block-servicios-boxes__content\">\n                    <div class=\"block-servicios-boxes__content__box\">\n                <h3 class=\"block-servicios-boxes__content__box__title\">\n                    Professionnalisme                <\/h3>\n                <p>Je dispose d\u2019une formation sp\u00e9cialis\u00e9e et d\u2019une exp\u00e9rience dans la traduction de l\u2019anglais et du fran\u00e7ais vers l\u2019espagnol afin de garantir des traductions de qualit\u00e9.<\/p>\n            <\/div>\n                    <div class=\"block-servicios-boxes__content__box\">\n                <h3 class=\"block-servicios-boxes__content__box__title\">\n                    D\u00e9lais respect\u00e9s                <\/h3>\n                <p>Je respecte toujours les d\u00e9lais, m\u00eame quand il s\u2019agit d\u2019une traduction urgente, car je sais \u00e0 quel point votre temps est pr\u00e9cieux.<\/p>\n            <\/div>\n                    <div class=\"block-servicios-boxes__content__box\">\n                <h3 class=\"block-servicios-boxes__content__box__title\">\n                    Confidentialit\u00e9                <\/h3>\n                <p>Votre confiance est primordiale. Je prot\u00e8ge vos documents \u00e0 tout moment et j\u2019assure la confidentialit\u00e9 la plus stricte pendant et apr\u00e8s le processus de traduction.<\/p>\n            <\/div>\n                    <div class=\"block-servicios-boxes__content__box\">\n                <h3 class=\"block-servicios-boxes__content__box__title\">\n                    Attention personnalis\u00e9e                <\/h3>\n                <p>Chaque projet est unique. Nous resterons en contact tout au long du processus de traduction pour que le message refl\u00e8te exactement ce que vous souhaitez.<\/p>\n            <\/div>\n            <\/div>\n<\/div>\n\n\n<div style=\"height:100px\" aria-hidden=\"true\" class=\"wp-block-spacer\"><\/div>\n\n\n\n\n\n<div id=\"block-servicios-cifras-block_8aac23e23ab0b2c2dfef6cb61d9b4df7\" class=\"block-servicios-cifras\">\n    <div class=\"block-servicios-cifras__content\">\n                    <div class=\"block-servicios-cifras__content__box\">\n                <div class=\"block-servicios-cifras__content__box__number\">\n                    <p>\n                        20                        <span class=\"block-servicios-cifras__content__box__number__signo\">+<\/span>\n                    <\/p>\n                <\/div>\n                <div class=\"block-servicios-cifras__content__box__text\">\n                    <p>ans d\u2019exp\u00e9rience<\/p>\n                <\/div>\n            <\/div>\n                    <div class=\"block-servicios-cifras__content__box\">\n                <div class=\"block-servicios-cifras__content__box__number\">\n                    <p>\n                        100                        <span class=\"block-servicios-cifras__content__box__number__signo\">%<\/span>\n                    <\/p>\n                <\/div>\n                <div class=\"block-servicios-cifras__content__box__text\">\n                    <p>des d\u00e9lais respect\u00e9s<\/p>\n                <\/div>\n            <\/div>\n                    <div class=\"block-servicios-cifras__content__box\">\n                <div class=\"block-servicios-cifras__content__box__number\">\n                    <p>\n                        80                        <span class=\"block-servicios-cifras__content__box__number__signo\">+<\/span>\n                    <\/p>\n                <\/div>\n                <div class=\"block-servicios-cifras__content__box__text\">\n                    <p>clients nationaux et internationaux<\/p>\n                <\/div>\n            <\/div>\n            <\/div>\n<\/div>\n\n\n<div class=\"wp-block-group\"><div class=\"wp-block-group__inner-container is-layout-constrained wp-block-group-is-layout-constrained\">\n<h3 class=\"wp-block-heading\"><strong><strong><strong>Traduction g\u00e9n\u00e9rale. Puis-je vous aider ?<\/strong><\/strong><\/strong><\/h3>\n\n\n\n<p>Si vous avez besoin de <strong><strong>traduire de l\u2019anglais ou du fran\u00e7ais vers l\u2019espagnol<\/strong><\/strong>, vous \u00eates au bon endroit. Ma mission est d\u2019\u00e9laborer une traduction qui, en plus d\u2019\u00eatre correcte, transmet clairement et naturellement ce que vous souhaitez communiquer. Je suis une <a href=\"https:\/\/amaiatraducciones.com\/fr\/sobre-mi\/\" rel=\"nofollow\">traductrice senior<\/a> et gr\u00e2ce \u00e0 mon savoir-faire sp\u00e9cialis\u00e9 et \u00e0 mon attention aux d\u00e9tails, votre message touchera imm\u00e9diatement votre public.<\/p>\n\n\n\n<p>Mes services linguistiques vous aident \u00e0 communiquer sans barri\u00e8res. Chaque texte en anglais ou en fran\u00e7ais que vous souhaitez traduire devient un outil pratique et efficace, parfaitement adapt\u00e9 \u00e0 vos besoins.<\/p>\n\n\n\n<p>Je serais disponible pour r\u00e9pondre \u00e0 toute question que vous pourriez avoir et pour vous accompagner tout au long de votre projet. Avec moi, vous ne serez pas qu\u2019un simple num\u00e9ro ; j\u2019offre une relation professionnelle bas\u00e9e sur :<\/p>\n\n\n\n<ul class=\"wp-block-list\">\n<li>Une attention totalement personnalis\u00e9e<\/li>\n\n\n\n<li>Un contact permanent pendant tout le processus de traduction<\/li>\n\n\n\n<li><strong>Une traduction professionnelle<\/strong><\/li>\n\n\n\n<li>Une traduction sur mesure<\/li>\n\n\n\n<li>Le respect des d\u00e9lais<\/li>\n<\/ul>\n\n\n\n<div class=\"wp-block-buttons is-content-justification-right is-layout-flex wp-container-core-buttons-is-layout-765c4724 wp-block-buttons-is-layout-flex\">\n<div class=\"wp-block-button\"><a class=\"wp-block-button__link wp-element-button\" href=\"https:\/\/amaiatraducciones.com\/fr\/trabajos-de-traduccion-general\/#contacto\" rel=\"nofollow\">Parlons-en !<\/a><\/div>\n<\/div>\n<\/div><\/div>\n\n\n\n<p><\/p>\n","protected":false},"excerpt":{"rendered":"<p>Projets de traduction g\u00e9n\u00e9rale Traduction de l\u2019anglais ou du fran\u00e7ais vers l\u2019espagnol&nbsp;? Parlons-en ! Vous avez un document en anglais ou en fran\u00e7ais et vous souhaitez le traduire vers l\u2019espagnol&nbsp;? Je traduis du fran\u00e7ais vers l\u2019espagnol et de l\u2019anglais vers l\u2019espagnol de mani\u00e8re pr\u00e9cise et naturelle, en m\u2019adaptant au contexte de chaque texte. Je veille [&hellip;]<\/p>\n","protected":false},"author":2,"featured_media":815,"parent":0,"menu_order":0,"comment_status":"closed","ping_status":"closed","template":"page-templates\/page-service.php","meta":{"_acf_changed":false,"footnotes":""},"class_list":["post-639","page","type-page","status-publish","has-post-thumbnail","hentry"],"acf":[],"_links":{"self":[{"href":"https:\/\/amaiatraducciones.com\/fr\/wp-json\/wp\/v2\/pages\/639","targetHints":{"allow":["GET"]}}],"collection":[{"href":"https:\/\/amaiatraducciones.com\/fr\/wp-json\/wp\/v2\/pages"}],"about":[{"href":"https:\/\/amaiatraducciones.com\/fr\/wp-json\/wp\/v2\/types\/page"}],"author":[{"embeddable":true,"href":"https:\/\/amaiatraducciones.com\/fr\/wp-json\/wp\/v2\/users\/2"}],"replies":[{"embeddable":true,"href":"https:\/\/amaiatraducciones.com\/fr\/wp-json\/wp\/v2\/comments?post=639"}],"version-history":[{"count":8,"href":"https:\/\/amaiatraducciones.com\/fr\/wp-json\/wp\/v2\/pages\/639\/revisions"}],"predecessor-version":[{"id":957,"href":"https:\/\/amaiatraducciones.com\/fr\/wp-json\/wp\/v2\/pages\/639\/revisions\/957"}],"wp:featuredmedia":[{"embeddable":true,"href":"https:\/\/amaiatraducciones.com\/fr\/wp-json\/wp\/v2\/media\/815"}],"wp:attachment":[{"href":"https:\/\/amaiatraducciones.com\/fr\/wp-json\/wp\/v2\/media?parent=639"}],"curies":[{"name":"wp","href":"https:\/\/api.w.org\/{rel}","templated":true}]}}