{"id":563,"date":"2025-07-10T19:48:03","date_gmt":"2025-07-10T19:48:03","guid":{"rendered":"https:\/\/amaiatraducciones.com\/revision-y-correccion-de-textos-ingles\/"},"modified":"2026-01-17T19:55:52","modified_gmt":"2026-01-17T19:55:52","slug":"revision-y-correccion-de-textos-ingles","status":"publish","type":"page","link":"https:\/\/amaiatraducciones.com\/fr\/revision-y-correccion-de-textos-ingles\/","title":{"rendered":"Revisi\u00f3n y correcci\u00f3n de textos ingles\/fr"},"content":{"rendered":"\n<figure class=\"wp-block-image size-large\"><img loading=\"lazy\" decoding=\"async\" width=\"1024\" height=\"573\" src=\"http:\/\/amaiatraducciones.com\/wp-content\/uploads\/2025\/07\/traductora-ingles-frances-espanol-en-bilbao-1024x573.jpg\" alt=\"Traduction \u00e9ditoriale | traducteur de sous-titres | r\u00e9vision et correction de textes | image de Londres\" class=\"wp-image-815\" title=\"\" srcset=\"https:\/\/amaiatraducciones.com\/wp-content\/uploads\/2025\/07\/traductora-ingles-frances-espanol-en-bilbao-1024x573.jpg 1024w, https:\/\/amaiatraducciones.com\/wp-content\/uploads\/2025\/07\/traductora-ingles-frances-espanol-en-bilbao-300x168.jpg 300w, https:\/\/amaiatraducciones.com\/wp-content\/uploads\/2025\/07\/traductora-ingles-frances-espanol-en-bilbao-768x430.jpg 768w, https:\/\/amaiatraducciones.com\/wp-content\/uploads\/2025\/07\/traductora-ingles-frances-espanol-en-bilbao-1536x860.jpg 1536w, https:\/\/amaiatraducciones.com\/wp-content\/uploads\/2025\/07\/traductora-ingles-frances-espanol-en-bilbao.jpg 1706w\" sizes=\"auto, (max-width: 1024px) 100vw, 1024px\" \/><\/figure>\n\n\n\n<h2 class=\"wp-block-heading\"><strong><strong>R\u00e9vision et correction&nbsp;: des textes impeccables en espagnol<\/strong><\/strong><\/h2>\n\n\n\n<h3 class=\"wp-block-heading\"><strong><strong>Chaque d\u00e9tail compte<\/strong><\/strong><\/h3>\n\n\n\n<p>Un texte bien \u00e9crit refl\u00e8te du professionnalisme, valorise votre image de marque et inspire la confiance aux lecteurs. Avec <strong><strong>mon service de correction orthotypographique <\/strong><\/strong>en espagnol, j\u2019\u00e9limine les erreurs d\u2019orthographe, de ponctuation, de format et de typographie, entre autres, afin que chaque mot trouve sa juste place et que le texte gagne en clart\u00e9 et en fluidit\u00e9.<\/p>\n\n\n\n<p>J\u2019offre \u00e9galement <strong><strong>la r\u00e9vision et la correction de traductions<\/strong><\/strong> de l\u2019anglais et du fran\u00e7ais vers l\u2019espagnol. Mon travail ne se limite pas \u00e0 la correction orthotypographique&nbsp;: je veille \u00e0 \u00e9viter tout contresens, erreur grammaticale ou typographique, probl\u00e8mes de coh\u00e9sion ou de manque de concordance. J\u2019analyse en profondeur la coh\u00e9rence, la fluidit\u00e9 et l\u2019adaptation culturelle du texte final.<\/p>\n\n\n\n<p>Qu\u2019il s\u2019agisse d\u2019un texte original ou d\u2019une traduction, j\u2019adapte ma m\u00e9thode aux besoins de chaque client et \u00e0 chaque projet&nbsp;: documents d\u2019entreprise, travaux acad\u00e9miques, romans ou contenus cr\u00e9atifs. Mon objectif reste toujours le m\u00eame&nbsp;: livrer un contenu irr\u00e9prochable qui suscite la meilleure impression.<\/p>\n\n\n\n<div style=\"height:100px\" aria-hidden=\"true\" class=\"wp-block-spacer\"><\/div>\n\n\n\n<div class=\"wp-block-buttons is-content-justification-right is-layout-flex wp-container-core-buttons-is-layout-765c4724 wp-block-buttons-is-layout-flex\">\n<div class=\"wp-block-button\"><a class=\"wp-block-button__link wp-element-button\" href=\"https:\/\/amaiatraducciones.com\/fr\/revision-y-correccion-de-textos-ingles\/#contacto\" rel=\"nofollow\">Parlons-en !<\/a><\/div>\n<\/div>\n\n\n\n<div style=\"height:100px\" aria-hidden=\"true\" class=\"wp-block-spacer\"><\/div>\n\n\n\n\n\n<div id=\"block-servicios-boxes-block_b0691781615ae3699662a6f64d1567e2\" class=\"block-servicios-boxes\">\n    <div class=\"block-servicios-boxes__content\">\n                    <div class=\"block-servicios-boxes__content__box\">\n                <h3 class=\"block-servicios-boxes__content__box__title\">\n                    Pr\u00e9cision linguistique                <\/h3>\n                <p>Je soigne chaque d\u00e9tail orthographique, grammatical et typographique afin de livrer des textes irr\u00e9prochables et ad\u00e9quats dans n\u2019importe quel contexte professionnel.<\/p>\n            <\/div>\n                    <div class=\"block-servicios-boxes__content__box\">\n                <h3 class=\"block-servicios-boxes__content__box__title\">\n                    Fluidit\u00e9 naturelle                <\/h3>\n                <p>J\u2019adapte chaque phrase afin qu\u2019elle sonne authentique, claire et comme si elle avait \u00e9t\u00e9 \u00e9crite directement en espagnol.<\/p>\n            <\/div>\n                    <div class=\"block-servicios-boxes__content__box\">\n                <h3 class=\"block-servicios-boxes__content__box__title\">\n                    Fid\u00e9lit\u00e9 \u00e0 l\u2019original                <\/h3>\n                <p>Je r\u00e9vise des traductions pour garantir qu\u2019il n\u2019y a pas de contresens, d\u2019incoh\u00e9rences, de traductions litt\u00e9rales, d\u2019erreurs culturelles ou de registre, et aussi pour veiller \u00e0 ce que le texte final en espagnol soit impeccable.<\/p>\n            <\/div>\n                    <div class=\"block-servicios-boxes__content__box\">\n                <h3 class=\"block-servicios-boxes__content__box__title\">\n                    Adaptation culturelle                <\/h3>\n                <p>Je veille \u00e0 ce que les expressions, les r\u00e9f\u00e9rences et le style soient parfaitement adapt\u00e9s au contexte culturel et aux sensibilit\u00e9s des lecteurs hispanophones.<\/p>\n            <\/div>\n            <\/div>\n<\/div>\n\n\n<div style=\"height:100px\" aria-hidden=\"true\" class=\"wp-block-spacer\"><\/div>\n\n\n\n\n\n<div id=\"block-servicios-cifras-block_cee167a0ad77aae18e6f3e1bb93e0437\" class=\"block-servicios-cifras\">\n    <div class=\"block-servicios-cifras__content\">\n                    <div class=\"block-servicios-cifras__content__box\">\n                <div class=\"block-servicios-cifras__content__box__number\">\n                    <p>\n                        1                        <span class=\"block-servicios-cifras__content__box__number__signo\">\u00ba<\/span>\n                    <\/p>\n                <\/div>\n                <div class=\"block-servicios-cifras__content__box__text\">\n                    <p>Formation sp\u00e9cialis\u00e9e en correction orthotypographique<\/p>\n                <\/div>\n            <\/div>\n                    <div class=\"block-servicios-cifras__content__box\">\n                <div class=\"block-servicios-cifras__content__box__number\">\n                    <p>\n                        2                        <span class=\"block-servicios-cifras__content__box__number__signo\">\u00ba<\/span>\n                    <\/p>\n                <\/div>\n                <div class=\"block-servicios-cifras__content__box__text\">\n                    <p>R\u00e9vision de traductions de l\u2019anglais et du fran\u00e7ais<\/p>\n                <\/div>\n            <\/div>\n                    <div class=\"block-servicios-cifras__content__box\">\n                <div class=\"block-servicios-cifras__content__box__number\">\n                    <p>\n                        25                        <span class=\"block-servicios-cifras__content__box__number__signo\">+<\/span>\n                    <\/p>\n                <\/div>\n                <div class=\"block-servicios-cifras__content__box__text\">\n                    <p>Plus de 25 livres corrig\u00e9s avec succ\u00e8s<\/p>\n                <\/div>\n            <\/div>\n            <\/div>\n<\/div>\n\n\n<h3 class=\"wp-block-heading\"><strong><strong>Correcteur de textes. Des textes qui convainquent<\/strong><\/strong><\/h3>\n\n\n\n<p>La qualit\u00e9 d\u2019un texte se mesure dans les d\u00e9tails. Je propose un <a href=\"https:\/\/amaiatraducciones.com\/fr\/\" rel=\"nofollow\">service<\/a> m\u00e9ticuleux de <a href=\"https:\/\/dle.rae.es\/ortotipograf%C3%ADa\" target=\"_blank\" rel=\"noopener\">correction orthotypographique<\/a> pour \u00e9liminer les erreurs de grammaire, typographie et ponctuation, garantissant ainsi que votre contenu transmette du professionnalisme et de la clart\u00e9 d\u00e8s la premi\u00e8re lecture.<\/p>\n\n\n\n<p>Ma r\u00e9vision ne consiste pas simplement \u00e0 corriger des erreurs&nbsp;: je veille \u00e0 ce que votre texte soit fluide, je d\u00e9tecte des erreurs de concordance et je soigne la langue afin qu\u2019elle soit naturelle et facile \u00e0 lire.<\/p>\n\n\n\n<p>Je m\u2019adapte \u00e0 vos besoins pour que votre message arrive clair et sans distraction, parce qu\u2019un texte bien corrig\u00e9 non seulement sonne mieux, il inspire aussi la confiance et transmet de professionnalisme d\u00e8s le premier instant.<\/p>\n\n\n\n<div class=\"wp-block-buttons is-content-justification-right is-layout-flex wp-container-core-buttons-is-layout-765c4724 wp-block-buttons-is-layout-flex\">\n<div class=\"wp-block-button\"><a class=\"wp-block-button__link wp-element-button\" href=\"https:\/\/amaiatraducciones.com\/fr\/revision-y-correccion-de-textos-ingles\/#contacto\" rel=\"nofollow\">Parlons-en !<\/a><\/div>\n<\/div>\n\n\n\n<p><\/p>\n","protected":false},"excerpt":{"rendered":"<p>R\u00e9vision et correction&nbsp;: des textes impeccables en espagnol Chaque d\u00e9tail compte Un texte bien \u00e9crit refl\u00e8te du professionnalisme, valorise votre image de marque et inspire la confiance aux lecteurs. Avec mon service de correction orthotypographique en espagnol, j\u2019\u00e9limine les erreurs d\u2019orthographe, de ponctuation, de format et de typographie, entre autres, afin que chaque mot trouve [&hellip;]<\/p>\n","protected":false},"author":2,"featured_media":815,"parent":0,"menu_order":0,"comment_status":"closed","ping_status":"closed","template":"page-templates\/page-service.php","meta":{"_acf_changed":false,"footnotes":""},"class_list":["post-563","page","type-page","status-publish","has-post-thumbnail","hentry"],"acf":[],"_links":{"self":[{"href":"https:\/\/amaiatraducciones.com\/fr\/wp-json\/wp\/v2\/pages\/563","targetHints":{"allow":["GET"]}}],"collection":[{"href":"https:\/\/amaiatraducciones.com\/fr\/wp-json\/wp\/v2\/pages"}],"about":[{"href":"https:\/\/amaiatraducciones.com\/fr\/wp-json\/wp\/v2\/types\/page"}],"author":[{"embeddable":true,"href":"https:\/\/amaiatraducciones.com\/fr\/wp-json\/wp\/v2\/users\/2"}],"replies":[{"embeddable":true,"href":"https:\/\/amaiatraducciones.com\/fr\/wp-json\/wp\/v2\/comments?post=563"}],"version-history":[{"count":12,"href":"https:\/\/amaiatraducciones.com\/fr\/wp-json\/wp\/v2\/pages\/563\/revisions"}],"predecessor-version":[{"id":942,"href":"https:\/\/amaiatraducciones.com\/fr\/wp-json\/wp\/v2\/pages\/563\/revisions\/942"}],"wp:featuredmedia":[{"embeddable":true,"href":"https:\/\/amaiatraducciones.com\/fr\/wp-json\/wp\/v2\/media\/815"}],"wp:attachment":[{"href":"https:\/\/amaiatraducciones.com\/fr\/wp-json\/wp\/v2\/media?parent=563"}],"curies":[{"name":"wp","href":"https:\/\/api.w.org\/{rel}","templated":true}]}}