{"id":523,"date":"2025-07-10T19:46:56","date_gmt":"2025-07-10T19:46:56","guid":{"rendered":"https:\/\/amaiatraducciones.com\/inicio\/"},"modified":"2026-01-17T19:48:58","modified_gmt":"2026-01-17T19:48:58","slug":"fr","status":"publish","type":"page","link":"https:\/\/amaiatraducciones.com\/fr\/","title":{"rendered":"Inicio\/fr"},"content":{"rendered":"\n<div id=\"block-hero-block_9323bf19b6bafcbe3fc8637665e79662\" class=\"block-hero\" style=\"background-image: url('https:\/\/amaiatraducciones.com\/wp-content\/uploads\/2025\/08\/woman-hero.png');\">\n   <div class=\"block-hero__gradient\"><\/div>\n   <div class=\"wrap\">\n        <div class=\"block-hero__content\">\n            <h1 class=\"block-hero__content__title\">Traductrice professionnelle<\/h1>\n            <div class=\"block-hero__content__description\">Amaia Zorriqueta<\/div>\n        <\/div>\n   <\/div>\n<\/div>\n\n\n\n\n<div id=\"block-texto-general-block_0bcf9d6b55cd4b14c52c69f480ac902e\" class=\"block-texto-general \">\n    <div class=\"wrap\">\n        <div class=\"block-texto-general__content\">\n            <div class=\"block-texto-general__content__title\">\n                <p class=\"block-texto-general__content__title__feature\">\n                    Services                <\/p>\n                <h2 class=\"block-texto-general__content__title__title\">\n                    Chaque mot compte. Chaque format est important                <\/h2>\n                <div class=\"line-decoration\">\n                    <div class=\"line-decoration__line\"><\/div>\n                    <img decoding=\"async\" src=\"https:\/\/amaiatraducciones.com\/wp-content\/themes\/amaia-traducciones\/assets\/arrow-line.png\" alt=\"Linea decorativa\" title=\"\">\n                <\/div>\n            <\/div>\n            <div class=\"block-texto-general__content__text\">\n                <div class=\"block-texto-general__content__text__text\">\n                    <p class=\"PlaygroundEditorTheme__paragraph\" dir=\"ltr\">Traduire une vid\u00e9o, ce n\u2019est pas la m\u00eame chose que d\u2019adapter un roman. Un slogan a besoin d\u2019impact, tandis qu\u2019un rapport exige de la pr\u00e9cision. C\u2019est pourquoi, comme <strong>traductrice professionnelle<\/strong>, j\u2019offre des services linguistiques personnalis\u00e9s qui s\u2019adaptent \u00e0 tout type de contenu et \u00e0 l\u2019objectif de votre projet.<\/p>\n<p class=\"PlaygroundEditorTheme__paragraph\" dir=\"ltr\">Des textes d\u2019entreprise \u00e0 la litt\u00e9rature jeunesse, votre message sera clair, naturel et \u00e9l\u00e9gant.<\/p>\n                <\/div>\n                                    <a rel=\"nofollow nofollow\" class=\"btn btn--primary\" href=\"https:\/\/amaiatraducciones.com\/fr\/#contacto\" target=\"_self\">Parlons-en !<\/a>\n                            <\/div>\n        <\/div>\n    <\/div>\n<\/div>\n\n\n\n\n<div id=\"block-cards-services-block_3faf3ce56a3fdec54a7eccd66ecb14fa\" class=\"block-cards-services \">\n   <div class=\"wrap-small\">\n        <div class=\"block-cards-services__content\">\n                                        <div class=\"block-cards-services__content__card card-1\">\n                    <div>\n                        <div class=\"block-cards-services__content__card__header\">\n                            <span class=\"block-cards-services__content__card__number\">\n                                [01]\n                            <\/span>\n                            <h3 class=\"block-cards-services__content__card__title\">\n                                Traduction g\u00e9n\u00e9rale                            <\/h3>\n                        <\/div>\n                        <div class=\"block-cards-services__content__card__text\">\n                            <p class=\"PlaygroundEditorTheme__paragraph\" dir=\"ltr\">Je traduis tout type de contenu non technique \u2014emails, pr\u00e9sentations, rapports\u2014 en garantissant clart\u00e9, fluidit\u00e9 et efficacit\u00e9. Parfait pour les entreprises et les freelances.<\/p>\n                        <\/div>\n                    <\/div>\n                                            <a rel=\"\" class=\"btn btn--secondary\" href=\"https:\/\/amaiatraducciones.com\/fr\/trabajos-de-traduccion-general\/\" target=\"_self\">D\u00e9couvrir la traduction g\u00e9n\u00e9rale<\/a>\n                                    <\/div>\n                                            <div class=\"block-cards-services__content__card card-2\">\n                    <div>\n                        <div class=\"block-cards-services__content__card__header\">\n                            <span class=\"block-cards-services__content__card__number\">\n                                [02]\n                            <\/span>\n                            <h3 class=\"block-cards-services__content__card__title\">\n                                Traduction touristique                            <\/h3>\n                        <\/div>\n                        <div class=\"block-cards-services__content__card__text\">\n                            <p>Tous les types de brochures, sites web, guides et supports promotionnels de destinations, d\u2019h\u00e9bergements, de restaurants ou d\u2019exp\u00e9riences. Pour que votre offre s\u00e9duise et inspire les voyageurs du monde entier.<\/p>\n                        <\/div>\n                    <\/div>\n                                            <a rel=\"\" class=\"btn btn--secondary\" href=\"https:\/\/amaiatraducciones.com\/fr\/traduccion-turistica\/\" target=\"_self\">D\u00e9couvrir la traduction touristique<\/a>\n                                    <\/div>\n                                            <div class=\"block-cards-services__content__card card-3\">\n                    <div>\n                        <div class=\"block-cards-services__content__card__header\">\n                            <span class=\"block-cards-services__content__card__number\">\n                                [03]\n                            <\/span>\n                            <h3 class=\"block-cards-services__content__card__title\">\n                                Traduction litt\u00e9raire et \u00e9ditoriale                            <\/h3>\n                        <\/div>\n                        <div class=\"block-cards-services__content__card__text\">\n                            <p>Cela comprend des romans, des contes, des bandes dessin\u00e9es, des livres de vulgarisation, des manuels de formation, des jeux de soci\u00e9t\u00e9, etc.<\/p>\n<p>Si votre projet est riche en imagination et en savoir, je lui donne une voix en espagnol.<\/p>\n                        <\/div>\n                    <\/div>\n                                            <a rel=\"\" class=\"btn btn--secondary\" href=\"https:\/\/amaiatraducciones.com\/fr\/traduccion-editorial-traduccion-literaria\/\" target=\"_self\">D\u00e9couvrir la traduction litt\u00e9raire et \u00e9ditoriale<\/a>\n                                    <\/div>\n                                            <div class=\"block-cards-services__content__card card-4\">\n                    <div>\n                        <div class=\"block-cards-services__content__card__header\">\n                            <span class=\"block-cards-services__content__card__number\">\n                                [04]\n                            <\/span>\n                            <h3 class=\"block-cards-services__content__card__title\">\n                                Sous-titrage                            <\/h3>\n                        <\/div>\n                        <div class=\"block-cards-services__content__card__text\">\n                            <p><strong>Des sous-titres<\/strong> lus sans effort. Un bon sous-titre ne d\u00e9passe pas la limite de 42 caract\u00e8res par ligne et conserve intact l\u2019int\u00e9grit\u00e9 du message. Clart\u00e9, rythme et fid\u00e9lit\u00e9 dans chaque sc\u00e8ne.<\/p>\n                        <\/div>\n                    <\/div>\n                                            <a rel=\"\" class=\"btn btn--secondary\" href=\"https:\/\/amaiatraducciones.com\/fr\/traductor-de-subtitulos\/\" target=\"_self\">D\u00e9couvrir la section de sous-titrage<\/a>\n                                    <\/div>\n                                            <div class=\"block-cards-services__content__card card-5\">\n                    <div>\n                        <div class=\"block-cards-services__content__card__header\">\n                            <span class=\"block-cards-services__content__card__number\">\n                                [05]\n                            <\/span>\n                            <h2 class=\"block-cards-services__content__card__title\">\n                                R\u00e9vision et correction                            <\/h2>\n                        <\/div>\n                        <div class=\"block-cards-services__content__card__text\">\n                            <p class=\"PlaygroundEditorTheme__paragraph\" dir=\"ltr\">* \u00ab \u00c7a no serts \u00e0 rien de pr\u00e9s\u00e9nter une document avec de donn\u00e9es exactes mais pleine de fauts et ereurs \u00bb. La correction de textes est indispensable. Un texte soign\u00e9 sous tous ses aspects est la meilleure fa\u00e7on de captiver votre public gr\u00e2ce \u00e0 votre contenu.<\/p>\n                        <\/div>\n                    <\/div>\n                                            <a rel=\"\" class=\"btn btn--secondary\" href=\"https:\/\/amaiatraducciones.com\/fr\/revision-y-correccion-de-textos-ingles\/\" target=\"_self\">D\u00e9couvrir la section de r\u00e9vision<\/a>\n                                    <\/div>\n                                    <\/div>\n   <\/div>\n<\/div>\n\n\n\n\n<div id=\"block-texto-general-block_49da0cb8eccfb0b3a3ee80b6a5b52000\" class=\"block-texto-general \">\n    <div class=\"wrap\">\n        <div class=\"block-texto-general__content\">\n            <div class=\"block-texto-general__content__title\">\n                <p class=\"block-texto-general__content__title__feature\">\n                    Exp\u00e9rience                 <\/p>\n                <h2 class=\"block-texto-general__content__title__title\">\n                    Traductrice professionnelle avec une vaste exp\u00e9rience                <\/h2>\n                <div class=\"line-decoration\">\n                    <div class=\"line-decoration__line\"><\/div>\n                    <img decoding=\"async\" src=\"https:\/\/amaiatraducciones.com\/wp-content\/themes\/amaia-traducciones\/assets\/arrow-line.png\" alt=\"Linea decorativa\" title=\"\">\n                <\/div>\n            <\/div>\n            <div class=\"block-texto-general__content__text\">\n                <div class=\"block-texto-general__content__text__text\">\n                    <p>J\u2019ai plus de 20 ans d\u2019exp\u00e9rience dans le secteur de la <strong>traduction<\/strong>. J\u2019ai travaill\u00e9 pour des clients nationaux et internationaux, aussi bien pour des clients directs que pour des agences de traduction.<\/p>\n<p>Je prends en charge de nombreux types de projets de traduction\u00a0: des sites web, des romans, des documents multilingues, des pr\u00e9sentations d\u2019entreprise, des brochures et guides touristiques, des contenus pour <i><em class=\"PlaygroundEditorTheme__textItalic\">escape games<\/em><\/i>, des manuels de formation, des textes promotionnels, etc.<\/p>\n                <\/div>\n                                    <a rel=\" nofollow\" class=\"btn btn--primary\" href=\"https:\/\/amaiatraducciones.com\/fr\/#contacto\" target=\"_self\">Parlons-en !<\/a>\n                            <\/div>\n        <\/div>\n    <\/div>\n<\/div>\n\n\n\n\n<div id=\"block-cards-languages-block_84000402d1a49b16605d63478cc0c0fa\" class=\"block-cards-languages \">\n   <div class=\"wrap\">\n        <div class=\"block-cards-languages__content\">\n                                        <div class=\"block-cards-languages__content__card card-1\">\n                    <div class=\"block-cards-languages__content__card__icon\">\n                                                    <img decoding=\"async\" class=\"block-cards-languages__content__card__icon__image\" src=\"https:\/\/amaiatraducciones.com\/wp-content\/uploads\/2025\/10\/traductor-profesional-ingles-espanol-amaia-zorriqueta-icono-azul-2.png\" alt=\"Traducteur professionnel anglais\u2013espagnol | Amaia Zorriqueta logo bleu\" title=\"\">\n                                            <\/div>\n                    <div class=\"block-cards-languages__content__card__header\">\n                        <h2 class=\"block-cards-languages__content__card__title\">\n                            Anglais                        <\/h2>\n                    <\/div>\n                    <div class=\"block-cards-languages__content__card__text\">\n                        <p>Ce n\u2019est pas la m\u00eame chose de parler de <i><em class=\"PlaygroundEditorTheme__textItalic\">pants<\/em><\/i> \u00e0 Washington et \u00e0 Manchester. Conna\u00eetre les diff\u00e9rences entre les pays anglophones est essentiel pour transmettre correctement un message. C\u2019est aussi ce qui distingue une bonne traduction d\u2019une mauvaise.<\/p>\n                    <\/div>\n\n                <\/div>\n                                            <div class=\"block-cards-languages__content__card card-2\">\n                    <div class=\"block-cards-languages__content__card__icon\">\n                                                    <img decoding=\"async\" class=\"block-cards-languages__content__card__icon__image\" src=\"https:\/\/amaiatraducciones.com\/wp-content\/uploads\/2025\/10\/traductor-profesional-frances-espanol-amaia-zorriqueta-icono-azul-2.png\" alt=\"Traductrice professionnelle fran\u00e7ais\u2013espagnol | Amaia Zorriqueta logo bleu\" title=\"\">\n                                            <\/div>\n                    <div class=\"block-cards-languages__content__card__header\">\n                        <h2 class=\"block-cards-languages__content__card__title\">\n                            Fran\u00e7ais                        <\/h2>\n                    <\/div>\n                    <div class=\"block-cards-languages__content__card__text\">\n                        <p>Le fran\u00e7ais de France et celui de Belgique peuvent diff\u00e9rer consid\u00e9rablement et exprimer les nombres autrement. Comprendre ces nuances est essentiel \u00e0 l\u2019heure de traduire les rapports financiers pour assurer la pr\u00e9cision et la clart\u00e9.<\/p>\n                    <\/div>\n\n                <\/div>\n                                            <div class=\"block-cards-languages__content__card card-3\">\n                    <div class=\"block-cards-languages__content__card__icon\">\n                                                    <img decoding=\"async\" class=\"block-cards-languages__content__card__icon__image\" src=\"https:\/\/amaiatraducciones.com\/wp-content\/uploads\/2025\/10\/traductor-profesional-espanol-amaia-zorriqueta-icono-azul-2.png\" alt=\"Traducteur professionnel de l\u2019anglais et du fran\u00e7ais vers l\u2019espagnol | Amaia Zorriqueta logo bleu\" title=\"\">\n                                            <\/div>\n                    <div class=\"block-cards-languages__content__card__header\">\n                        <h2 class=\"block-cards-languages__content__card__title\">\n                            Espagnol                        <\/h2>\n                    <\/div>\n                    <div class=\"block-cards-languages__content__card__text\">\n                        <p>Dire que quelqu\u2019un est \u00ab\u00a0mamado\u00a0\u00bb en espagnol signifie quelque chose de diff\u00e9rent pour un jeune de la g\u00e9n\u00e9ration Z que pour un boomer. C\u2019est la raison pour laquelle comprendre r\u00e9ellement la langue espagnole est la cl\u00e9 pour une communication efficace.<\/p>\n                    <\/div>\n\n                <\/div>\n                                    <\/div>\n   <\/div>\n<\/div>\n\n\n\n\n<div id=\"block-texto-general-2-block_97f99d33540647559c690609ed92d36e\" class=\"block-texto-general-2 \">\n    <div class=\"wrap\">\n        <div class=\"block-texto-general-2__content\">\n            <div class=\"line-decoration\">\n                <div class=\"line-decoration__line\"><\/div>\n                <img decoding=\"async\" src=\"https:\/\/amaiatraducciones.com\/wp-content\/themes\/amaia-traducciones\/assets\/arrow-line.png\" alt=\"Linea decorativa\" title=\"\">\n            <\/div>\n            <div class=\"block-texto-general-2__content__text\">\n                <p class=\"block-texto-general-2__content__text__feature\">\n                    \u00c0 propos de moi                <\/p>\n                <h2 class=\"block-texto-general-2__content__text__title\">\n                    Traductrice professionnelle passionn\u00e9e                <\/h2>\n                <div class=\"block-texto-general-2__content__text__text\">\n                    <p>Je m\u2019appelle <a href=\"https:\/\/amaiatraducciones.com\/fr\/sobre-mi\/\" rel=\"nofollow\">Amaia<\/a> et je suis <strong>traductrice de l\u2019anglais<\/strong> et du <strong>fran\u00e7ais vers l\u2019espagnol<\/strong> avec une vaste formation linguistique. Je poss\u00e8de une licence en philologie anglaise, une licence en traduction et interpr\u00e9tation, ainsi qu\u2019un master en traduction, interpr\u00e9tation et \u00e9tudes interculturelles.<\/p>\n                <\/div>\n                <div class=\"block-texto-general-2__content__text__features\">\n                                            <div class=\"block-texto-general-2__content__text__features__item\">\n                            <p class=\"block-texto-general-2__content__text__features__item__number\">20<span>+<\/span><\/p>\n                            <p class=\"block-texto-general-2__content__text__features__item__text\">ans d\u2019exp\u00e9rience<\/p>\n                        <\/div>\n                                            <div class=\"block-texto-general-2__content__text__features__item\">\n                            <p class=\"block-texto-general-2__content__text__features__item__number\">100<span>+<\/span><\/p>\n                            <p class=\"block-texto-general-2__content__text__features__item__text\">% des d\u00e9lais respect\u00e9s<\/p>\n                        <\/div>\n                                            <div class=\"block-texto-general-2__content__text__features__item\">\n                            <p class=\"block-texto-general-2__content__text__features__item__number\">80<span>+<\/span><\/p>\n                            <p class=\"block-texto-general-2__content__text__features__item__text\">clients nationaux et internationaux<\/p>\n                        <\/div>\n                                    <\/div>\n                                    <a rel=\" nofollow\" class=\"btn btn--primary\" href=\"https:\/\/amaiatraducciones.com\/fr\/#contacto\" target=\"_self\">Parlons-en !<\/a>\n                            <\/div>\n        <\/div>\n    <\/div>\n<\/div>\n\n\n<div id=\"block-banner-block_77b02b8fba2f6148f7683be0c66ab0d0\" class=\"block-banner\">\n    <div class=\"wrap\">\n        <div class=\"block-banner__content\" style=\"background-image: url('');\">\n            <div class=\"block-banner__content__circle\">\n                <div class=\"block-banner__content__circle__control\">\n                    <h2 class=\"block-banner__content__circle__control__title\">Traductrice sp\u00e9cialis\u00e9e dans la traduction de l\u2019anglais et du fran\u00e7ais vers l\u2019espagnol<\/h2>\n                    <div class=\"block-banner__content__circle__control__description\"><p>J\u2019offre des services de <strong>traduction de l\u2019anglais<\/strong> et du fran\u00e7ais vers l\u2019espagnol afin de garantir que vos projets touchent leur public tout en conservant l\u2019essence et la fluidit\u00e9 de votre message.<\/p>\n<\/div>\n                <\/div>\n            <\/div>\n        <\/div>\n    <\/div>\n<\/div>\n\n\n<div id=\"block-faqs-block_e84effafa1100c030b39eb17b51caed7\" class=\"block-faqs\">\n    <div class=\"wrap-small\">\n        <p class=\"block-faqs__title\">Traductrice professionnelle. QFs<\/p>\n        <div class=\"block-faqs__list\">\n                            <div class=\"block-faqs__item\">\n                    <div class=\"block-faqs__item__header\">\n                        <h2 class=\"block-faqs__item__title\">Quels sont les tarifs de vos services de traduction professionnelle ?<\/h2>\n                        <span class=\"block-faqs__item__icon\">+<\/span>\n                    <\/div>\n                    <div class=\"block-faqs__item__content\">\n                        <div class=\"block-faqs__item__text\">\n                            <p class=\"PlaygroundEditorTheme__paragraph\" dir=\"ltr\">Le tarif de mes <strong>services de traduction professionnelle<\/strong> d\u00e9pend de plusieurs facteurs\u00a0: le type de document, le domaine, l\u2019urgence de la prestation et la longueur du document.<\/p>\n<p class=\"PlaygroundEditorTheme__paragraph\" dir=\"ltr\">Comme ce n\u2019est pas la m\u00eame chose de traduire des sous-titres et un roman, contactez-moi et je vous offrirai un devis personnalis\u00e9 sans engagement.<\/p>\n                        <\/div>\n                    <\/div>\n                <\/div>\n                            <div class=\"block-faqs__item\">\n                    <div class=\"block-faqs__item__header\">\n                        <h2 class=\"block-faqs__item__title\">Quelles sont vos langues de travail ?<\/h2>\n                        <span class=\"block-faqs__item__icon\">+<\/span>\n                    <\/div>\n                    <div class=\"block-faqs__item__content\">\n                        <div class=\"block-faqs__item__text\">\n                            <p class=\"PlaygroundEditorTheme__paragraph\" dir=\"ltr\">Je <strong>traduis de l\u2019anglais<\/strong> et du fran\u00e7ais vers l\u2019espagnol.<\/p>\n<p class=\"PlaygroundEditorTheme__paragraph\" dir=\"ltr\">Occasionnellement, je traduis aussi vers l\u2019anglais, ainsi que du catalan vers l\u2019espagnol. N\u2019h\u00e9sitez pas \u00e0 me contacter pour toute question.<\/p>\n                        <\/div>\n                    <\/div>\n                <\/div>\n                            <div class=\"block-faqs__item\">\n                    <div class=\"block-faqs__item__header\">\n                        <h2 class=\"block-faqs__item__title\">Quel est le d\u00e9lai moyen pour livrer une traduction professionnelle?<\/h2>\n                        <span class=\"block-faqs__item__icon\">+<\/span>\n                    <\/div>\n                    <div class=\"block-faqs__item__content\">\n                        <div class=\"block-faqs__item__text\">\n                            <p>Chaque projet de traduction est unique. Pour cette raison, le d\u00e9lai d\u00e9pend de la longueur et du format du document. En moyenne, je peux traduire environ 2\u00a0500 mots par jour.<\/p>\n                        <\/div>\n                    <\/div>\n                <\/div>\n                    <\/div>\n    <\/div>\n<\/div>\n\n<script>\ndocument.addEventListener('DOMContentLoaded', function() {\n    const faqItems = document.querySelectorAll('.block-faqs__item');\n    \n    faqItems.forEach(function(item) {\n        const header = item.querySelector('.block-faqs__item__header');\n        const content = item.querySelector('.block-faqs__item__content');\n        const icon = item.querySelector('.block-faqs__item__icon');\n        \n        header.addEventListener('click', function() {\n            const isActive = item.classList.contains('active');\n            \n            \/\/ Cerrar todos los acordeones\n            faqItems.forEach(function(otherItem) {\n                otherItem.classList.remove('active');\n                const otherIcon = otherItem.querySelector('.block-faqs__item__icon');\n                otherIcon.textContent = '+';\n            });\n            \n            \/\/ Si no estaba activo, abrirlo\n            if (!isActive) {\n                item.classList.add('active');\n                icon.textContent = '\u2212';\n            }\n        });\n    });\n});\n<\/script>\n","protected":false},"excerpt":{"rendered":"","protected":false},"author":2,"featured_media":411,"parent":0,"menu_order":0,"comment_status":"closed","ping_status":"closed","template":"page-templates\/page-full-width.php","meta":{"_acf_changed":false,"footnotes":""},"class_list":["post-523","page","type-page","status-publish","has-post-thumbnail","hentry"],"acf":[],"_links":{"self":[{"href":"https:\/\/amaiatraducciones.com\/fr\/wp-json\/wp\/v2\/pages\/523","targetHints":{"allow":["GET"]}}],"collection":[{"href":"https:\/\/amaiatraducciones.com\/fr\/wp-json\/wp\/v2\/pages"}],"about":[{"href":"https:\/\/amaiatraducciones.com\/fr\/wp-json\/wp\/v2\/types\/page"}],"author":[{"embeddable":true,"href":"https:\/\/amaiatraducciones.com\/fr\/wp-json\/wp\/v2\/users\/2"}],"replies":[{"embeddable":true,"href":"https:\/\/amaiatraducciones.com\/fr\/wp-json\/wp\/v2\/comments?post=523"}],"version-history":[{"count":12,"href":"https:\/\/amaiatraducciones.com\/fr\/wp-json\/wp\/v2\/pages\/523\/revisions"}],"predecessor-version":[{"id":868,"href":"https:\/\/amaiatraducciones.com\/fr\/wp-json\/wp\/v2\/pages\/523\/revisions\/868"}],"wp:featuredmedia":[{"embeddable":true,"href":"https:\/\/amaiatraducciones.com\/fr\/wp-json\/wp\/v2\/media\/411"}],"wp:attachment":[{"href":"https:\/\/amaiatraducciones.com\/fr\/wp-json\/wp\/v2\/media?parent=523"}],"curies":[{"name":"wp","href":"https:\/\/api.w.org\/{rel}","templated":true}]}}