{"id":503,"date":"2025-07-10T19:47:05","date_gmt":"2025-07-10T19:47:05","guid":{"rendered":"https:\/\/amaiatraducciones.com\/sobre-mi\/"},"modified":"2026-01-15T20:08:03","modified_gmt":"2026-01-15T20:08:03","slug":"sobre-mi","status":"publish","type":"page","link":"https:\/\/amaiatraducciones.com\/fr\/sobre-mi\/","title":{"rendered":"Sobre mi\/fr"},"content":{"rendered":"\n\n\n<div id=\"block-texto-general-block_e28a8a7237c6ffe7088861e7bdf8d2de\" class=\"block-texto-general \">\n    <div class=\"wrap\">\n        <div class=\"block-texto-general__content\">\n            <div class=\"block-texto-general__content__title\">\n                <p class=\"block-texto-general__content__title__feature\">\n                    L&rsquo;origine                <\/p>\n                <h2 class=\"block-texto-general__content__title__title\">\n                    C\u2019est un plaisir de vous rencontrer                <\/h2>\n                <div class=\"line-decoration\">\n                    <div class=\"line-decoration__line\"><\/div>\n                    <img decoding=\"async\" src=\"https:\/\/amaiatraducciones.com\/wp-content\/themes\/amaia-traducciones\/assets\/arrow-line.png\" alt=\"Linea decorativa\" title=\"\">\n                <\/div>\n            <\/div>\n            <div class=\"block-texto-general__content__text\">\n                <div class=\"block-texto-general__content__text__text\">\n                    <p>Je m\u2019appelle Amaia et je suis <strong>traductrice de l\u2019anglais et du fran\u00e7ais<\/strong> vers l\u2019espagnol. Je poss\u00e8de une licence en philologie anglaise, une licence en traduction et interpr\u00e9tation, ainsi qu\u2019un master en traduction, interpr\u00e9tation et \u00e9tudes interculturelles.<\/p>\n                <\/div>\n                                    <a rel=\"nofollow nofollow\" class=\"btn btn--primary\" href=\"https:\/\/amaiatraducciones.com\/fr\/sobre-mi\/#contacto\" target=\"_self\">Parlons-en !<\/a>\n                            <\/div>\n        <\/div>\n    <\/div>\n<\/div>\n\n\n\n\n<div id=\"block-texto-general-2-block_746b2025552003d7068aa15413eba8f0\" class=\"block-texto-general-2 \">\n    <div class=\"wrap\">\n        <div class=\"block-texto-general-2__content\">\n            <div class=\"line-decoration\">\n                <div class=\"line-decoration__line\"><\/div>\n                <img decoding=\"async\" src=\"https:\/\/amaiatraducciones.com\/wp-content\/themes\/amaia-traducciones\/assets\/arrow-line.png\" alt=\"Linea decorativa\" title=\"\">\n            <\/div>\n            <div class=\"block-texto-general-2__content__text\">\n                <p class=\"block-texto-general-2__content__text__feature\">\n                    L&rsquo;\u00e9tincelle                <\/p>\n                <h2 class=\"block-texto-general-2__content__text__title\">\n                    Vocation pour la traduction                <\/h2>\n                <div class=\"block-texto-general-2__content__text__text\">\n                    <p>Depuis presque 20 ans, je travaille comme t<a href=\"https:\/\/amaiatraducciones.com\/inicio\/\">raductrice dans tous types de projets<\/a>, en particulier ceux li\u00e9s au tourisme et au marketing. Ces derniers temps, je travaille \u00e9galement dans la <a href=\"https:\/\/amaiatraducciones.com\/fr\/traduccion-editorial-traduccion-literaria\/\">traduction litt\u00e9raire et \u00e9ditoriale<\/a>.<\/p>\n                <\/div>\n                <div class=\"block-texto-general-2__content__text__features\">\n                                            <div class=\"block-texto-general-2__content__text__features__item\">\n                            <p class=\"block-texto-general-2__content__text__features__item__number\">20<span>+<\/span><\/p>\n                            <p class=\"block-texto-general-2__content__text__features__item__text\">ans d\u2019exp\u00e9rience<\/p>\n                        <\/div>\n                                            <div class=\"block-texto-general-2__content__text__features__item\">\n                            <p class=\"block-texto-general-2__content__text__features__item__number\">100<span>+<\/span><\/p>\n                            <p class=\"block-texto-general-2__content__text__features__item__text\">% des d\u00e9lais respect\u00e9s<\/p>\n                        <\/div>\n                                            <div class=\"block-texto-general-2__content__text__features__item\">\n                            <p class=\"block-texto-general-2__content__text__features__item__number\">80<span>+<\/span><\/p>\n                            <p class=\"block-texto-general-2__content__text__features__item__text\">clients nationaux et internationaux<\/p>\n                        <\/div>\n                                    <\/div>\n                                    <a rel=\"nofollow nofollow\" class=\"btn btn--primary\" href=\"https:\/\/amaiatraducciones.com\/fr\/sobre-mi\/#contacto\" target=\"_self\">Parlons-en !<\/a>\n                            <\/div>\n        <\/div>\n    <\/div>\n<\/div>\n\n\n\n\n<div id=\"block-texto-general-block_1a2c22c8cdca29499f7a210d508b97bf\" class=\"block-texto-general \">\n    <div class=\"wrap\">\n        <div class=\"block-texto-general__content\">\n            <div class=\"block-texto-general__content__title\">\n                <p class=\"block-texto-general__content__title__feature\">\n                    L&rsquo;action                <\/p>\n                <h2 class=\"block-texto-general__content__title__title\">\n                    Votre alli\u00e9e dans chaque traduction                <\/h2>\n                <div class=\"line-decoration\">\n                    <div class=\"line-decoration__line\"><\/div>\n                    <img decoding=\"async\" src=\"https:\/\/amaiatraducciones.com\/wp-content\/themes\/amaia-traducciones\/assets\/arrow-line.png\" alt=\"Linea decorativa\" title=\"\">\n                <\/div>\n            <\/div>\n            <div class=\"block-texto-general__content__text\">\n                <div class=\"block-texto-general__content__text__text\">\n                    <p>Au-del\u00e0 des dipl\u00f4mes, mon travail se caract\u00e9rise par la rigueur et la passion que je mets dans tout ce que je fais, en respectant toujours les d\u00e9lais et en m\u2019adaptant aux n\u00e9cessit\u00e9s des clients.<\/p>\n                <\/div>\n                                    <a rel=\" nofollow\" class=\"btn btn--primary\" href=\"https:\/\/amaiatraducciones.com\/fr\/sobre-mi\/#contacto\" target=\"_self\">Parlons-en !<\/a>\n                            <\/div>\n        <\/div>\n    <\/div>\n<\/div>\n\n\n\n\n<div id=\"block-cards-languages-block_ff56df2c031542b4d1830c22a7fde136\" class=\"block-cards-languages \">\n   <div class=\"wrap\">\n        <div class=\"block-cards-languages__content\">\n                                        <div class=\"block-cards-languages__content__card card-1\">\n                    <div class=\"block-cards-languages__content__card__icon\">\n                                                    <img decoding=\"async\" class=\"block-cards-languages__content__card__icon__image\" src=\"https:\/\/amaiatraducciones.com\/wp-content\/uploads\/2025\/07\/icon-ingles.png\" alt=\"Traductor profesional Amaia Zorriqueta | icono azul y blanco formaci\u00f3n \" title=\"\">\n                                            <\/div>\n                    <div class=\"block-cards-languages__content__card__header\">\n                        <h3 class=\"block-cards-languages__content__card__title\">\n                            \u00c9ducation                        <\/h3>\n                    <\/div>\n                    <div class=\"block-cards-languages__content__card__text\">\n                        <p>En plus des \u00e9tudes universitaires, je consacre chaque jour une partie de mon budget et de mon temps \u00e0 ma formation continue en traduction et dans mes domaines de sp\u00e9cialisation.<\/p>\n                    <\/div>\n\n                <\/div>\n                                            <div class=\"block-cards-languages__content__card card-2\">\n                    <div class=\"block-cards-languages__content__card__icon\">\n                                                    <img decoding=\"async\" class=\"block-cards-languages__content__card__icon__image\" src=\"https:\/\/amaiatraducciones.com\/wp-content\/uploads\/2026\/01\/traductor-profesional-amaia-zorriqueta-icono-frances.png\" alt=\"Traductor profesional Amaia Zorriqueta | icono azul y blanco experiencia\" title=\"\">\n                                            <\/div>\n                    <div class=\"block-cards-languages__content__card__header\">\n                        <h3 class=\"block-cards-languages__content__card__title\">\n                            Exp\u00e9rience                        <\/h3>\n                    <\/div>\n                    <div class=\"block-cards-languages__content__card__text\">\n                        <p>Depuis plus de 20 ans d\u2019exp\u00e9rience dans le secteur, j\u2019ai appris \u00e0 constamment m\u2019adapter aux besoins des clients et \u00e0 identifier les probl\u00e8mes potentiels avant qu\u2019ils ne surviennent.<\/p>\n                    <\/div>\n\n                <\/div>\n                                            <div class=\"block-cards-languages__content__card card-3\">\n                    <div class=\"block-cards-languages__content__card__icon\">\n                                                    <img decoding=\"async\" class=\"block-cards-languages__content__card__icon__image\" src=\"https:\/\/amaiatraducciones.com\/wp-content\/uploads\/2025\/07\/icon-espanol.png\" alt=\"Traductor profesional Amaia Zorriqueta | icono azul y blanco formaci\u00f3n \" title=\"\">\n                                            <\/div>\n                    <div class=\"block-cards-languages__content__card__header\">\n                        <h3 class=\"block-cards-languages__content__card__title\">\n                            Disponibilit\u00e9                        <\/h3>\n                    <\/div>\n                    <div class=\"block-cards-languages__content__card__text\">\n                        <p>N\u2019importe o\u00f9 vous \u00eates, j\u2019exerce mon travail \u00e0 distance, ce qui me permet de collaborer aux projets des clients nationaux et\u00a0internationaux.<\/p>\n                    <\/div>\n\n                <\/div>\n                                    <\/div>\n   <\/div>\n<\/div>\n\n\n<div class=\"wp-block-group formacion\"><div class=\"wp-block-group__inner-container is-layout-constrained wp-block-group-is-layout-constrained\">\n<div class=\"wp-block-group wrap\"><div class=\"wp-block-group__inner-container is-layout-constrained wp-block-group-is-layout-constrained\">\n<p class=\"formacion__title\">Formation universitaire<\/p>\n\n\n\n<div class=\"wp-block-group formacion__item\"><div class=\"wp-block-group__inner-container is-layout-constrained wp-block-group-is-layout-constrained\">\n<p class=\"formacion__item__single\">Master en traduction, interpr\u00e9tation et \u00e9tudes interculturelles \u2013 Universidad Aut\u00f3noma de Barcelona. Sp\u00e9cialisation&nbsp;: interpr\u00e9tation (anglais et fran\u00e7ais &gt; espagnol)<\/p>\n<\/div><\/div>\n\n\n\n<div class=\"wp-block-group formacion__item\"><div class=\"wp-block-group__inner-container is-layout-constrained wp-block-group-is-layout-constrained\">\n<p class=\"formacion__item__single\">Licence en traduction et interpr\u00e9tation \u2013 Universidad Aut\u00f3noma de Barcelona<\/p>\n<\/div><\/div>\n\n\n\n<div class=\"wp-block-group formacion__item\"><div class=\"wp-block-group__inner-container is-layout-constrained wp-block-group-is-layout-constrained\">\n<p class=\"formacion__item__single\">Langues de travail&nbsp;: A&nbsp;: espagnol, B&nbsp;: anglais, C&nbsp;: fran\u00e7ais<\/p>\n<\/div><\/div>\n\n\n\n<div class=\"wp-block-group formacion__item\"><div class=\"wp-block-group__inner-container is-layout-constrained wp-block-group-is-layout-constrained\">\n<p class=\"formacion__item__single\">Licence en philologie anglaise \u2013 Universidad de Deusto (Bilbao). Sp\u00e9cialisation&nbsp;: litt\u00e9rature<\/p>\n<\/div><\/div>\n<\/div><\/div>\n<\/div><\/div>\n\n\n\n<div style=\"height:100px\" aria-hidden=\"true\" class=\"wp-block-spacer\"><\/div>\n\n\n\n<div class=\"wp-block-group formacion\"><div class=\"wp-block-group__inner-container is-layout-constrained wp-block-group-is-layout-constrained\">\n<div class=\"wp-block-group wrap\"><div class=\"wp-block-group__inner-container is-layout-constrained wp-block-group-is-layout-constrained\">\n<p class=\"formacion__title\">Cours et s\u00e9minaires<\/p>\n\n\n\n<div class=\"wp-block-group formacion__item\"><div class=\"wp-block-group__inner-container is-layout-constrained wp-block-group-is-layout-constrained\">\n<p class=\"formacion__item__single\">Cours de traduction du roman noir (AulaSic)<\/p>\n<\/div><\/div>\n\n\n\n<div class=\"wp-block-group formacion__item\"><div class=\"wp-block-group__inner-container is-layout-constrained wp-block-group-is-layout-constrained\">\n<p class=\"formacion__item__single\">Cours de traduction de la litt\u00e9rature fantastique, de science-fiction et d\u2019horreur (AulaSic)<\/p>\n<\/div><\/div>\n\n\n\n<div class=\"wp-block-group formacion__item\"><div class=\"wp-block-group__inner-container is-layout-constrained wp-block-group-is-layout-constrained\">\n<p class=\"formacion__item__single\">Cours de traduction de la litt\u00e9rature jeunesse (AulaSic)<\/p>\n<\/div><\/div>\n\n\n\n<div class=\"wp-block-group formacion__item\"><div class=\"wp-block-group__inner-container is-layout-constrained wp-block-group-is-layout-constrained\">\n<p class=\"formacion__item__single\">Cours de traduction dans le secteur de la mode (AulaSic)<\/p>\n<\/div><\/div>\n\n\n\n<div class=\"wp-block-group formacion__item\"><div class=\"wp-block-group__inner-container is-layout-constrained wp-block-group-is-layout-constrained\">\n<p class=\"formacion__item__single\">Cours de traduction dans les domaines gastronomique et culinaire (AulaSic)<\/p>\n<\/div><\/div>\n\n\n\n<div class=\"wp-block-group formacion__item\"><div class=\"wp-block-group__inner-container is-layout-constrained wp-block-group-is-layout-constrained\">\n<p class=\"formacion__item__single\">Cours de correction professionnelle (C\u00e1lamo&amp;Cran)<\/p>\n<\/div><\/div>\n\n\n\n<div class=\"wp-block-group formacion__item\"><div class=\"wp-block-group__inner-container is-layout-constrained wp-block-group-is-layout-constrained\">\n<p class=\"formacion__item__single\">Cours de traduction litt\u00e9raire (C\u00e1lamo&amp;Cran)<\/p>\n<\/div><\/div>\n\n\n\n<div class=\"wp-block-group formacion__item\"><div class=\"wp-block-group__inner-container is-layout-constrained wp-block-group-is-layout-constrained\">\n<p class=\"formacion__item__single\">Cours de traduction de documentaires (<a href=\"https:\/\/www.ampersoundmedia.com\/servicios\/traduccion\/\" target=\"_blank\" rel=\"noreferrer noopener nofollow\">Ampersound<\/a>)<\/p>\n<\/div><\/div>\n\n\n\n<div class=\"wp-block-group formacion__item\"><div class=\"wp-block-group__inner-container is-layout-constrained wp-block-group-is-layout-constrained\">\n<p class=\"formacion__item__single\">S\u00e9minaire \u00ab Traduire aux limites de l\u2019imagination \u00bb (Con Trazo Firme)<\/p>\n<\/div><\/div>\n\n\n\n<div class=\"wp-block-group formacion__item\"><div class=\"wp-block-group__inner-container is-layout-constrained wp-block-group-is-layout-constrained\">\n<p class=\"formacion__item__single\">S\u00e9minaire \u00ab Traduction et jeux de soci\u00e9t\u00e9 \u00bb (Asetrad)<\/p>\n<\/div><\/div>\n\n\n\n<div class=\"wp-block-group formacion__item\"><div class=\"wp-block-group__inner-container is-layout-constrained wp-block-group-is-layout-constrained\">\n<p class=\"formacion__item__single\">S\u00e9minaire \u00ab Traduction et correction des doubles sens et des jeux de mots \u00bb (Asetrad)<\/p>\n<\/div><\/div>\n\n\n\n<div class=\"wp-block-group formacion__item\"><div class=\"wp-block-group__inner-container is-layout-constrained wp-block-group-is-layout-constrained\">\n<p class=\"formacion__item__single\">S\u00e9minaire \u00ab Traduction des bandes dessin\u00e9es \u00bb (ATRAE)<\/p>\n<\/div><\/div>\n<\/div><\/div>\n<\/div><\/div>\n\n\n\n<p><\/p>\n","protected":false},"excerpt":{"rendered":"<p>Formation universitaire Master en traduction, interpr\u00e9tation et \u00e9tudes interculturelles \u2013 Universidad Aut\u00f3noma de Barcelona. Sp\u00e9cialisation&nbsp;: interpr\u00e9tation (anglais et fran\u00e7ais &gt; espagnol) Licence en traduction et interpr\u00e9tation \u2013 Universidad Aut\u00f3noma de Barcelona Langues de travail&nbsp;: A&nbsp;: espagnol, B&nbsp;: anglais, C&nbsp;: fran\u00e7ais Licence en philologie anglaise \u2013 Universidad de Deusto (Bilbao). Sp\u00e9cialisation&nbsp;: litt\u00e9rature Cours et s\u00e9minaires Cours [&hellip;]<\/p>\n","protected":false},"author":2,"featured_media":421,"parent":0,"menu_order":0,"comment_status":"closed","ping_status":"closed","template":"page-templates\/page-about.php","meta":{"_acf_changed":false,"footnotes":""},"class_list":["post-503","page","type-page","status-publish","has-post-thumbnail","hentry"],"acf":[],"_links":{"self":[{"href":"https:\/\/amaiatraducciones.com\/fr\/wp-json\/wp\/v2\/pages\/503","targetHints":{"allow":["GET"]}}],"collection":[{"href":"https:\/\/amaiatraducciones.com\/fr\/wp-json\/wp\/v2\/pages"}],"about":[{"href":"https:\/\/amaiatraducciones.com\/fr\/wp-json\/wp\/v2\/types\/page"}],"author":[{"embeddable":true,"href":"https:\/\/amaiatraducciones.com\/fr\/wp-json\/wp\/v2\/users\/2"}],"replies":[{"embeddable":true,"href":"https:\/\/amaiatraducciones.com\/fr\/wp-json\/wp\/v2\/comments?post=503"}],"version-history":[{"count":10,"href":"https:\/\/amaiatraducciones.com\/fr\/wp-json\/wp\/v2\/pages\/503\/revisions"}],"predecessor-version":[{"id":923,"href":"https:\/\/amaiatraducciones.com\/fr\/wp-json\/wp\/v2\/pages\/503\/revisions\/923"}],"wp:featuredmedia":[{"embeddable":true,"href":"https:\/\/amaiatraducciones.com\/fr\/wp-json\/wp\/v2\/media\/421"}],"wp:attachment":[{"href":"https:\/\/amaiatraducciones.com\/fr\/wp-json\/wp\/v2\/media?parent=503"}],"curies":[{"name":"wp","href":"https:\/\/api.w.org\/{rel}","templated":true}]}}